{"id":461,"date":"2026-05-10T13:47:41","date_gmt":"2026-05-10T13:47:41","guid":{"rendered":"https:\/\/alpha.devtech.services\/?page_id=461"},"modified":"2026-05-12T05:17:29","modified_gmt":"2026-05-12T05:17:29","slug":"sklep","status":"publish","type":"page","link":"https:\/\/alpha.devtech.services\/?page_id=461","title":{"rendered":"Sklep"},"content":{"rendered":"\t\t<div data-elementor-type=\"wp-page\" data-elementor-id=\"461\" class=\"elementor elementor-461\" data-elementor-post-type=\"page\">\n\t\t\t\t<div class=\"elementor-element elementor-element-0c2d421 e-flex e-con-boxed e-con e-parent\" data-id=\"0c2d421\" data-element_type=\"container\" data-e-type=\"container\" data-settings=\"{&quot;background_background&quot;:&quot;classic&quot;}\">\n\t\t\t\t\t<div class=\"e-con-inner\">\n\t\t\t\t<div class=\"elementor-element elementor-element-3b5dc56 elementor-widget__width-inherit elementor-invisible elementor-widget elementor-widget-heading\" data-id=\"3b5dc56\" data-element_type=\"widget\" data-e-type=\"widget\" data-settings=\"{&quot;_animation&quot;:&quot;fadeIn&quot;}\" data-widget_type=\"heading.default\">\n\t\t\t\t\t<div class=\"elementor-heading-title elementor-size-default\">Katalog Produkt\u00f3w\n<\/div>\t\t\t\t<\/div>\n\t\t\t\t<div class=\"elementor-element elementor-element-80682ff elementor-invisible elementor-widget elementor-widget-heading\" data-id=\"80682ff\" data-element_type=\"widget\" data-e-type=\"widget\" data-settings=\"{&quot;_animation&quot;:&quot;fadeInUp&quot;}\" data-widget_type=\"heading.default\">\n\t\t\t\t\t<h2 class=\"elementor-heading-title elementor-size-default\">Nasz <i>sklep<\/i><\/h2>\t\t\t\t<\/div>\n\t\t\t\t<div class=\"elementor-element elementor-element-d5a760d elementor-widget__width-initial elementor-invisible elementor-widget elementor-widget-text-editor\" data-id=\"d5a760d\" data-element_type=\"widget\" data-e-type=\"widget\" data-settings=\"{&quot;_animation&quot;:&quot;fadeIn&quot;}\" data-widget_type=\"text-editor.default\">\n\t\t\t\t\t\t\t\t\t<div class=\"bg-secondary\/50 py-16 lg:py-24\"><div class=\"max-w-7xl mx-auto px-6 lg:px-8\"><p class=\"font-body text-muted-foreground max-w-xl\">Profesjonalne produkty medycyny estetycznej. Wype\u0142niacze, stymulatory tkankowe, koktajle witaminowe i wi\u0119cej.<\/p><\/div><\/div>\t\t\t\t\t\t\t\t<\/div>\n\t\t\t\t\t<\/div>\n\t\t\t\t<\/div>\n\t\t<div class=\"elementor-element elementor-element-2952bc9 e-flex e-con-boxed e-con e-parent\" data-id=\"2952bc9\" data-element_type=\"container\" data-e-type=\"container\">\n\t\t\t\t\t<div class=\"e-con-inner\">\n\t\t\t\t<div class=\"elementor-element elementor-element-914abd7 elementor-widget elementor-widget-jet-listing-grid\" data-id=\"914abd7\" data-element_type=\"widget\" data-e-type=\"widget\" data-settings=\"{&quot;columns&quot;:3}\" data-widget_type=\"jet-listing-grid.default\">\n\t\t\t\t\t<div class=\"jet-listing-grid jet-listing\"><div class=\"jet-listing-grid__items grid-col-desk-3 grid-col-tablet-3 grid-col-mobile-3 jet-listing-grid--713 woocommerce\" data-queried-id=\"461|WP_Post\" data-nav=\"{&quot;enabled&quot;:false,&quot;type&quot;:null,&quot;more_el&quot;:null,&quot;query&quot;:[],&quot;widget_settings&quot;:{&quot;lisitng_id&quot;:713,&quot;posts_num&quot;:6,&quot;columns&quot;:3,&quot;columns_tablet&quot;:3,&quot;columns_mobile&quot;:3,&quot;column_min_width&quot;:240,&quot;column_min_width_tablet&quot;:240,&quot;column_min_width_mobile&quot;:240,&quot;inline_columns_css&quot;:false,&quot;is_archive_template&quot;:&quot;&quot;,&quot;post_status&quot;:[&quot;publish&quot;],&quot;use_random_posts_num&quot;:&quot;&quot;,&quot;max_posts_num&quot;:9,&quot;not_found_message&quot;:&quot;No data was found&quot;,&quot;is_masonry&quot;:false,&quot;equal_columns_height&quot;:&quot;&quot;,&quot;use_load_more&quot;:&quot;&quot;,&quot;load_more_id&quot;:&quot;&quot;,&quot;load_more_type&quot;:&quot;click&quot;,&quot;load_more_offset&quot;:null,&quot;use_custom_post_types&quot;:&quot;&quot;,&quot;custom_post_types&quot;:[],&quot;hide_widget_if&quot;:&quot;&quot;,&quot;carousel_enabled&quot;:&quot;&quot;,&quot;slides_to_scroll&quot;:&quot;1&quot;,&quot;arrows&quot;:&quot;true&quot;,&quot;arrow_icon&quot;:&quot;fa fa-angle-left&quot;,&quot;dots&quot;:&quot;&quot;,&quot;autoplay&quot;:&quot;true&quot;,&quot;pause_on_hover&quot;:&quot;true&quot;,&quot;autoplay_speed&quot;:5000,&quot;infinite&quot;:&quot;true&quot;,&quot;center_mode&quot;:&quot;&quot;,&quot;effect&quot;:&quot;slide&quot;,&quot;speed&quot;:500,&quot;inject_alternative_items&quot;:&quot;&quot;,&quot;injection_items&quot;:[],&quot;scroll_slider_enabled&quot;:&quot;&quot;,&quot;scroll_slider_on&quot;:[&quot;desktop&quot;,&quot;tablet&quot;,&quot;mobile&quot;],&quot;custom_query&quot;:false,&quot;custom_query_id&quot;:&quot;&quot;,&quot;_element_id&quot;:&quot;&quot;,&quot;collapse_first_last_gap&quot;:false,&quot;list_tag_selection&quot;:&quot;&quot;,&quot;list_items_wrapper_tag&quot;:&quot;div&quot;,&quot;list_item_tag&quot;:&quot;div&quot;,&quot;empty_items_wrapper_tag&quot;:&quot;div&quot;}}\" data-page=\"1\" data-pages=\"11\" data-listing-source=\"posts\" data-listing-id=\"713\" data-query-id=\"\"><div class=\"jet-listing-grid__item jet-listing-dynamic-post-693 elementor-dcss-8565654430669370\" data-post-id=\"693\"  >\t\t<div data-elementor-type=\"jet-listing-items\" data-elementor-id=\"713\" class=\"elementor elementor-713\" data-elementor-post-type=\"jet-engine\">\n\t\t\t\t<div class=\"elementor-element elementor-element-58ee0d7 e-con-full e-flex e-con e-child\" data-id=\"58ee0d7\" data-element_type=\"container\" data-e-type=\"container\">\n\t\t<div class=\"elementor-element elementor-element-cd6b997 e-con-full e-flex e-con e-child\" data-id=\"cd6b997\" data-element_type=\"container\" data-e-type=\"container\">\n\t\t\t\t<div class=\"elementor-element elementor-element-416b75b elementor-absolute elementor-widget elementor-widget-heading\" data-id=\"416b75b\" data-element_type=\"widget\" data-e-type=\"widget\" data-settings=\"{&quot;_position&quot;:&quot;absolute&quot;}\" data-widget_type=\"heading.default\">\n\t\t\t\t\t<div class=\"elementor-heading-title elementor-size-default\">\nNowo\u015b\u0107<\/div>\t\t\t\t<\/div>\n\t\t\t\t<div class=\"elementor-element elementor-element-4761f55 elementor-widget elementor-widget-image\" data-id=\"4761f55\" data-element_type=\"widget\" data-e-type=\"widget\" data-widget_type=\"image.default\">\n\t\t\t\t\t\t\t\t\t\t\t\t\t\t\t<img fetchpriority=\"high\" decoding=\"async\" width=\"193\" height=\"261\" src=\"https:\/\/alpha.devtech.services\/wp-content\/uploads\/2026\/05\/imgi_2_neauvia-estetika.jpg\" class=\"attachment-large size-large wp-image-426\" alt=\"\" \/>\t\t\t\t\t\t\t\t\t\t\t\t\t\t\t<\/div>\n\t\t\t\t<\/div>\n\t\t\t\t<div class=\"elementor-element elementor-element-4d952a9 elementor-widget elementor-widget-heading\" data-id=\"4d952a9\" data-element_type=\"widget\" data-e-type=\"widget\" data-widget_type=\"heading.default\">\n\t\t\t\t\t<div class=\"elementor-heading-title elementor-size-default\">Neauvia<\/div>\t\t\t\t<\/div>\n\t\t\t\t<div class=\"elementor-element elementor-element-166c0e2 elementor-widget elementor-widget-heading\" data-id=\"166c0e2\" data-element_type=\"widget\" data-e-type=\"widget\" data-widget_type=\"heading.default\">\n\t\t\t\t\t<h2 class=\"elementor-heading-title elementor-size-default\">Neauvia Stimulate 1ml BIOstymulacja<\/h2>\t\t\t\t<\/div>\n\t\t\t\t<div class=\"elementor-element elementor-element-8137add elementor-widget elementor-widget-heading\" data-id=\"8137add\" data-element_type=\"widget\" data-e-type=\"widget\" data-widget_type=\"heading.default\">\n\t\t\t\t\t<div class=\"elementor-heading-title elementor-size-default\">187.00 z\u0142<\/div>\t\t\t\t<\/div>\n\t\t\t\t<div class=\"elementor-element elementor-element-4f1459c elementor-widget elementor-widget-heading\" data-id=\"4f1459c\" data-element_type=\"widget\" data-e-type=\"widget\" data-widget_type=\"heading.default\">\n\t\t\t\t\t<div class=\"elementor-heading-title elementor-size-default\">1 ml<\/div>\t\t\t\t<\/div>\n\t\t\t\t<\/div>\n\t\t\t\t<\/div>\n\t\t<\/div><div class=\"jet-listing-grid__item jet-listing-dynamic-post-691 elementor-dcss-8565654434142304\" data-post-id=\"691\"  >\t\t<div data-elementor-type=\"jet-listing-items\" data-elementor-id=\"713\" class=\"elementor elementor-713\" data-elementor-post-type=\"jet-engine\">\n\t\t\t\t<div class=\"elementor-element elementor-element-58ee0d7 e-con-full e-flex e-con e-child\" data-id=\"58ee0d7\" data-element_type=\"container\" data-e-type=\"container\">\n\t\t<div class=\"elementor-element elementor-element-cd6b997 e-con-full e-flex e-con e-child\" data-id=\"cd6b997\" data-element_type=\"container\" data-e-type=\"container\">\n\t\t\t\t<div class=\"elementor-element elementor-element-416b75b elementor-absolute elementor-widget elementor-widget-heading\" data-id=\"416b75b\" data-element_type=\"widget\" data-e-type=\"widget\" data-settings=\"{&quot;_position&quot;:&quot;absolute&quot;}\" data-widget_type=\"heading.default\">\n\t\t\t\t\t<div class=\"elementor-heading-title elementor-size-default\">\nNowo\u015b\u0107<\/div>\t\t\t\t<\/div>\n\t\t\t\t<div class=\"elementor-element elementor-element-4761f55 elementor-widget elementor-widget-image\" data-id=\"4761f55\" data-element_type=\"widget\" data-e-type=\"widget\" data-widget_type=\"image.default\">\n\t\t\t\t\t\t\t\t\t\t\t\t\t\t\t<img fetchpriority=\"high\" decoding=\"async\" width=\"193\" height=\"261\" src=\"https:\/\/alpha.devtech.services\/wp-content\/uploads\/2026\/05\/imgi_2_neauvia-estetika.jpg\" class=\"attachment-large size-large wp-image-426\" alt=\"\" \/>\t\t\t\t\t\t\t\t\t\t\t\t\t\t\t<\/div>\n\t\t\t\t<\/div>\n\t\t\t\t<div class=\"elementor-element elementor-element-4d952a9 elementor-widget elementor-widget-heading\" data-id=\"4d952a9\" data-element_type=\"widget\" data-e-type=\"widget\" data-widget_type=\"heading.default\">\n\t\t\t\t\t<div class=\"elementor-heading-title elementor-size-default\">Neauvia<\/div>\t\t\t\t<\/div>\n\t\t\t\t<div class=\"elementor-element elementor-element-166c0e2 elementor-widget elementor-widget-heading\" data-id=\"166c0e2\" data-element_type=\"widget\" data-e-type=\"widget\" data-widget_type=\"heading.default\">\n\t\t\t\t\t<h2 class=\"elementor-heading-title elementor-size-default\">Neauvia Stimulate 1ml BIOstymulacja<\/h2>\t\t\t\t<\/div>\n\t\t\t\t<div class=\"elementor-element elementor-element-8137add elementor-widget elementor-widget-heading\" data-id=\"8137add\" data-element_type=\"widget\" data-e-type=\"widget\" data-widget_type=\"heading.default\">\n\t\t\t\t\t<div class=\"elementor-heading-title elementor-size-default\">187.00 z\u0142<\/div>\t\t\t\t<\/div>\n\t\t\t\t<div class=\"elementor-element elementor-element-4f1459c elementor-widget elementor-widget-heading\" data-id=\"4f1459c\" data-element_type=\"widget\" data-e-type=\"widget\" data-widget_type=\"heading.default\">\n\t\t\t\t\t<div class=\"elementor-heading-title elementor-size-default\">1 ml<\/div>\t\t\t\t<\/div>\n\t\t\t\t<\/div>\n\t\t\t\t<\/div>\n\t\t<\/div><div class=\"jet-listing-grid__item jet-listing-dynamic-post-689 elementor-dcss-8565654434632836\" data-post-id=\"689\"  >\t\t<div data-elementor-type=\"jet-listing-items\" data-elementor-id=\"713\" class=\"elementor elementor-713\" data-elementor-post-type=\"jet-engine\">\n\t\t\t\t<div class=\"elementor-element elementor-element-58ee0d7 e-con-full e-flex e-con e-child\" data-id=\"58ee0d7\" data-element_type=\"container\" data-e-type=\"container\">\n\t\t<div class=\"elementor-element elementor-element-cd6b997 e-con-full e-flex e-con e-child\" data-id=\"cd6b997\" data-element_type=\"container\" data-e-type=\"container\">\n\t\t\t\t<div class=\"elementor-element elementor-element-416b75b elementor-absolute elementor-widget elementor-widget-heading\" data-id=\"416b75b\" data-element_type=\"widget\" data-e-type=\"widget\" data-settings=\"{&quot;_position&quot;:&quot;absolute&quot;}\" data-widget_type=\"heading.default\">\n\t\t\t\t\t<div class=\"elementor-heading-title elementor-size-default\">\nNowo\u015b\u0107<\/div>\t\t\t\t<\/div>\n\t\t\t\t<div class=\"elementor-element elementor-element-4761f55 elementor-widget elementor-widget-image\" data-id=\"4761f55\" data-element_type=\"widget\" data-e-type=\"widget\" data-widget_type=\"image.default\">\n\t\t\t\t\t\t\t\t\t\t\t\t\t\t\t<img fetchpriority=\"high\" decoding=\"async\" width=\"193\" height=\"261\" src=\"https:\/\/alpha.devtech.services\/wp-content\/uploads\/2026\/05\/imgi_2_neauvia-estetika.jpg\" class=\"attachment-large size-large wp-image-426\" alt=\"\" \/>\t\t\t\t\t\t\t\t\t\t\t\t\t\t\t<\/div>\n\t\t\t\t<\/div>\n\t\t\t\t<div class=\"elementor-element elementor-element-4d952a9 elementor-widget elementor-widget-heading\" data-id=\"4d952a9\" data-element_type=\"widget\" data-e-type=\"widget\" data-widget_type=\"heading.default\">\n\t\t\t\t\t<div class=\"elementor-heading-title elementor-size-default\">Neauvia<\/div>\t\t\t\t<\/div>\n\t\t\t\t<div class=\"elementor-element elementor-element-166c0e2 elementor-widget elementor-widget-heading\" data-id=\"166c0e2\" data-element_type=\"widget\" data-e-type=\"widget\" data-widget_type=\"heading.default\">\n\t\t\t\t\t<h2 class=\"elementor-heading-title elementor-size-default\">Neauvia Stimulate 1ml BIOstymulacja<\/h2>\t\t\t\t<\/div>\n\t\t\t\t<div class=\"elementor-element elementor-element-8137add elementor-widget elementor-widget-heading\" data-id=\"8137add\" data-element_type=\"widget\" data-e-type=\"widget\" data-widget_type=\"heading.default\">\n\t\t\t\t\t<div class=\"elementor-heading-title elementor-size-default\">187.00 z\u0142<\/div>\t\t\t\t<\/div>\n\t\t\t\t<div class=\"elementor-element elementor-element-4f1459c elementor-widget elementor-widget-heading\" data-id=\"4f1459c\" data-element_type=\"widget\" data-e-type=\"widget\" data-widget_type=\"heading.default\">\n\t\t\t\t\t<div class=\"elementor-heading-title elementor-size-default\">1 ml<\/div>\t\t\t\t<\/div>\n\t\t\t\t<\/div>\n\t\t\t\t<\/div>\n\t\t<\/div><div class=\"jet-listing-grid__item jet-listing-dynamic-post-687 elementor-dcss-8565654435114008\" data-post-id=\"687\"  >\t\t<div data-elementor-type=\"jet-listing-items\" data-elementor-id=\"713\" class=\"elementor elementor-713\" data-elementor-post-type=\"jet-engine\">\n\t\t\t\t<div class=\"elementor-element elementor-element-58ee0d7 e-con-full e-flex e-con e-child\" data-id=\"58ee0d7\" data-element_type=\"container\" data-e-type=\"container\">\n\t\t<div class=\"elementor-element elementor-element-cd6b997 e-con-full e-flex e-con e-child\" data-id=\"cd6b997\" data-element_type=\"container\" data-e-type=\"container\">\n\t\t\t\t<div class=\"elementor-element elementor-element-416b75b elementor-absolute elementor-widget elementor-widget-heading\" data-id=\"416b75b\" data-element_type=\"widget\" data-e-type=\"widget\" data-settings=\"{&quot;_position&quot;:&quot;absolute&quot;}\" data-widget_type=\"heading.default\">\n\t\t\t\t\t<div class=\"elementor-heading-title elementor-size-default\">\nNowo\u015b\u0107<\/div>\t\t\t\t<\/div>\n\t\t\t\t<div class=\"elementor-element elementor-element-4761f55 elementor-widget elementor-widget-image\" data-id=\"4761f55\" data-element_type=\"widget\" data-e-type=\"widget\" data-widget_type=\"image.default\">\n\t\t\t\t\t\t\t\t\t\t\t\t\t\t\t<img fetchpriority=\"high\" decoding=\"async\" width=\"193\" height=\"261\" src=\"https:\/\/alpha.devtech.services\/wp-content\/uploads\/2026\/05\/imgi_2_neauvia-estetika.jpg\" class=\"attachment-large size-large wp-image-426\" alt=\"\" \/>\t\t\t\t\t\t\t\t\t\t\t\t\t\t\t<\/div>\n\t\t\t\t<\/div>\n\t\t\t\t<div class=\"elementor-element elementor-element-4d952a9 elementor-widget elementor-widget-heading\" data-id=\"4d952a9\" data-element_type=\"widget\" data-e-type=\"widget\" data-widget_type=\"heading.default\">\n\t\t\t\t\t<div class=\"elementor-heading-title elementor-size-default\">Neauvia<\/div>\t\t\t\t<\/div>\n\t\t\t\t<div class=\"elementor-element elementor-element-166c0e2 elementor-widget elementor-widget-heading\" data-id=\"166c0e2\" data-element_type=\"widget\" data-e-type=\"widget\" data-widget_type=\"heading.default\">\n\t\t\t\t\t<h2 class=\"elementor-heading-title elementor-size-default\">Neauvia Stimulate 1ml BIOstymulacja<\/h2>\t\t\t\t<\/div>\n\t\t\t\t<div class=\"elementor-element elementor-element-8137add elementor-widget elementor-widget-heading\" data-id=\"8137add\" data-element_type=\"widget\" data-e-type=\"widget\" data-widget_type=\"heading.default\">\n\t\t\t\t\t<div class=\"elementor-heading-title elementor-size-default\">187.00 z\u0142<\/div>\t\t\t\t<\/div>\n\t\t\t\t<div class=\"elementor-element elementor-element-4f1459c elementor-widget elementor-widget-heading\" data-id=\"4f1459c\" data-element_type=\"widget\" data-e-type=\"widget\" data-widget_type=\"heading.default\">\n\t\t\t\t\t<div class=\"elementor-heading-title elementor-size-default\">1 ml<\/div>\t\t\t\t<\/div>\n\t\t\t\t<\/div>\n\t\t\t\t<\/div>\n\t\t<\/div><div class=\"jet-listing-grid__item jet-listing-dynamic-post-685 elementor-dcss-8565654435585629\" data-post-id=\"685\"  >\t\t<div data-elementor-type=\"jet-listing-items\" data-elementor-id=\"713\" class=\"elementor elementor-713\" data-elementor-post-type=\"jet-engine\">\n\t\t\t\t<div class=\"elementor-element elementor-element-58ee0d7 e-con-full e-flex e-con e-child\" data-id=\"58ee0d7\" data-element_type=\"container\" data-e-type=\"container\">\n\t\t<div class=\"elementor-element elementor-element-cd6b997 e-con-full e-flex e-con e-child\" data-id=\"cd6b997\" data-element_type=\"container\" data-e-type=\"container\">\n\t\t\t\t<div class=\"elementor-element elementor-element-416b75b elementor-absolute elementor-widget elementor-widget-heading\" data-id=\"416b75b\" data-element_type=\"widget\" data-e-type=\"widget\" data-settings=\"{&quot;_position&quot;:&quot;absolute&quot;}\" data-widget_type=\"heading.default\">\n\t\t\t\t\t<div class=\"elementor-heading-title elementor-size-default\">\nNowo\u015b\u0107<\/div>\t\t\t\t<\/div>\n\t\t\t\t<div class=\"elementor-element elementor-element-4761f55 elementor-widget elementor-widget-image\" data-id=\"4761f55\" data-element_type=\"widget\" data-e-type=\"widget\" data-widget_type=\"image.default\">\n\t\t\t\t\t\t\t\t\t\t\t\t\t\t\t<img fetchpriority=\"high\" decoding=\"async\" width=\"193\" height=\"261\" src=\"https:\/\/alpha.devtech.services\/wp-content\/uploads\/2026\/05\/imgi_2_neauvia-estetika.jpg\" class=\"attachment-large size-large wp-image-426\" alt=\"\" \/>\t\t\t\t\t\t\t\t\t\t\t\t\t\t\t<\/div>\n\t\t\t\t<\/div>\n\t\t\t\t<div class=\"elementor-element elementor-element-4d952a9 elementor-widget elementor-widget-heading\" data-id=\"4d952a9\" data-element_type=\"widget\" data-e-type=\"widget\" data-widget_type=\"heading.default\">\n\t\t\t\t\t<div class=\"elementor-heading-title elementor-size-default\">Neauvia<\/div>\t\t\t\t<\/div>\n\t\t\t\t<div class=\"elementor-element elementor-element-166c0e2 elementor-widget elementor-widget-heading\" data-id=\"166c0e2\" data-element_type=\"widget\" data-e-type=\"widget\" data-widget_type=\"heading.default\">\n\t\t\t\t\t<h2 class=\"elementor-heading-title elementor-size-default\">Neauvia Stimulate 1ml BIOstymulacja<\/h2>\t\t\t\t<\/div>\n\t\t\t\t<div class=\"elementor-element elementor-element-8137add elementor-widget elementor-widget-heading\" data-id=\"8137add\" data-element_type=\"widget\" data-e-type=\"widget\" data-widget_type=\"heading.default\">\n\t\t\t\t\t<div class=\"elementor-heading-title elementor-size-default\">187.00 z\u0142<\/div>\t\t\t\t<\/div>\n\t\t\t\t<div class=\"elementor-element elementor-element-4f1459c elementor-widget elementor-widget-heading\" data-id=\"4f1459c\" data-element_type=\"widget\" data-e-type=\"widget\" data-widget_type=\"heading.default\">\n\t\t\t\t\t<div class=\"elementor-heading-title elementor-size-default\">1 ml<\/div>\t\t\t\t<\/div>\n\t\t\t\t<\/div>\n\t\t\t\t<\/div>\n\t\t<\/div><div class=\"jet-listing-grid__item jet-listing-dynamic-post-683 elementor-dcss-8565654436063621\" data-post-id=\"683\"  >\t\t<div data-elementor-type=\"jet-listing-items\" data-elementor-id=\"713\" class=\"elementor elementor-713\" data-elementor-post-type=\"jet-engine\">\n\t\t\t\t<div class=\"elementor-element elementor-element-58ee0d7 e-con-full e-flex e-con e-child\" data-id=\"58ee0d7\" data-element_type=\"container\" data-e-type=\"container\">\n\t\t<div class=\"elementor-element elementor-element-cd6b997 e-con-full e-flex e-con e-child\" data-id=\"cd6b997\" data-element_type=\"container\" data-e-type=\"container\">\n\t\t\t\t<div class=\"elementor-element elementor-element-416b75b elementor-absolute elementor-widget elementor-widget-heading\" data-id=\"416b75b\" data-element_type=\"widget\" data-e-type=\"widget\" data-settings=\"{&quot;_position&quot;:&quot;absolute&quot;}\" data-widget_type=\"heading.default\">\n\t\t\t\t\t<div class=\"elementor-heading-title elementor-size-default\">\nNowo\u015b\u0107<\/div>\t\t\t\t<\/div>\n\t\t\t\t<div class=\"elementor-element elementor-element-4761f55 elementor-widget elementor-widget-image\" data-id=\"4761f55\" data-element_type=\"widget\" data-e-type=\"widget\" data-widget_type=\"image.default\">\n\t\t\t\t\t\t\t\t\t\t\t\t\t\t\t<img fetchpriority=\"high\" decoding=\"async\" width=\"193\" height=\"261\" src=\"https:\/\/alpha.devtech.services\/wp-content\/uploads\/2026\/05\/imgi_2_neauvia-estetika.jpg\" class=\"attachment-large size-large wp-image-426\" alt=\"\" \/>\t\t\t\t\t\t\t\t\t\t\t\t\t\t\t<\/div>\n\t\t\t\t<\/div>\n\t\t\t\t<div class=\"elementor-element elementor-element-4d952a9 elementor-widget elementor-widget-heading\" data-id=\"4d952a9\" data-element_type=\"widget\" data-e-type=\"widget\" data-widget_type=\"heading.default\">\n\t\t\t\t\t<div class=\"elementor-heading-title elementor-size-default\">Neauvia<\/div>\t\t\t\t<\/div>\n\t\t\t\t<div class=\"elementor-element elementor-element-166c0e2 elementor-widget elementor-widget-heading\" data-id=\"166c0e2\" data-element_type=\"widget\" data-e-type=\"widget\" data-widget_type=\"heading.default\">\n\t\t\t\t\t<h2 class=\"elementor-heading-title elementor-size-default\">Neauvia Stimulate 1ml BIOstymulacja<\/h2>\t\t\t\t<\/div>\n\t\t\t\t<div class=\"elementor-element elementor-element-8137add elementor-widget elementor-widget-heading\" data-id=\"8137add\" data-element_type=\"widget\" data-e-type=\"widget\" data-widget_type=\"heading.default\">\n\t\t\t\t\t<div class=\"elementor-heading-title elementor-size-default\">187.00 z\u0142<\/div>\t\t\t\t<\/div>\n\t\t\t\t<div class=\"elementor-element elementor-element-4f1459c elementor-widget elementor-widget-heading\" data-id=\"4f1459c\" data-element_type=\"widget\" data-e-type=\"widget\" data-widget_type=\"heading.default\">\n\t\t\t\t\t<div class=\"elementor-heading-title elementor-size-default\">1 ml<\/div>\t\t\t\t<\/div>\n\t\t\t\t<\/div>\n\t\t\t\t<\/div>\n\t\t<\/div><\/div><\/div>\t\t\t\t<\/div>\n\t\t\t\t\t<\/div>\n\t\t\t\t<\/div>\n\t\t\t\t<\/div>\n\t\t","protected":false},"excerpt":{"rendered":"<p>Katalog Produkt\u00f3w Nasz sklep Profesjonalne produkty medycyny estetycznej. Wype\u0142niacze, stymulatory tkankowe, koktajle witaminowe i wi\u0119cej. Nowo\u015b\u0107 Neauvia Neauvia Stimulate 1ml BIOstymulacja 187.00 z\u0142 1 ml Nowo\u015b\u0107 Neauvia Neauvia Stimulate 1ml BIOstymulacja 187.00 z\u0142 1 ml Nowo\u015b\u0107 Neauvia Neauvia Stimulate 1ml BIOstymulacja 187.00 z\u0142 1 ml Nowo\u015b\u0107 Neauvia Neauvia Stimulate 1ml BIOstymulacja 187.00 z\u0142 1 ml [&hellip;]<\/p>\n","protected":false},"author":1,"featured_media":0,"parent":0,"menu_order":0,"comment_status":"closed","ping_status":"closed","template":"","meta":{"footnotes":""},"class_list":["post-461","page","type-page","status-publish","hentry"],"_links":{"self":[{"href":"https:\/\/alpha.devtech.services\/index.php?rest_route=\/wp\/v2\/pages\/461","targetHints":{"allow":["GET"]}}],"collection":[{"href":"https:\/\/alpha.devtech.services\/index.php?rest_route=\/wp\/v2\/pages"}],"about":[{"href":"https:\/\/alpha.devtech.services\/index.php?rest_route=\/wp\/v2\/types\/page"}],"author":[{"embeddable":true,"href":"https:\/\/alpha.devtech.services\/index.php?rest_route=\/wp\/v2\/users\/1"}],"replies":[{"embeddable":true,"href":"https:\/\/alpha.devtech.services\/index.php?rest_route=%2Fwp%2Fv2%2Fcomments&post=461"}],"version-history":[{"count":22,"href":"https:\/\/alpha.devtech.services\/index.php?rest_route=\/wp\/v2\/pages\/461\/revisions"}],"predecessor-version":[{"id":718,"href":"https:\/\/alpha.devtech.services\/index.php?rest_route=\/wp\/v2\/pages\/461\/revisions\/718"}],"wp:attachment":[{"href":"https:\/\/alpha.devtech.services\/index.php?rest_route=%2Fwp%2Fv2%2Fmedia&parent=461"}],"curies":[{"name":"wp","href":"https:\/\/api.w.org\/{rel}","templated":true}]}}