{"id":479,"date":"2026-05-10T13:56:14","date_gmt":"2026-05-10T13:56:14","guid":{"rendered":"https:\/\/alpha.devtech.services\/?page_id=479"},"modified":"2026-05-10T16:27:21","modified_gmt":"2026-05-10T16:27:21","slug":"blog","status":"publish","type":"page","link":"https:\/\/alpha.devtech.services\/?page_id=479","title":{"rendered":"Blog"},"content":{"rendered":"\t\t<div data-elementor-type=\"wp-page\" data-elementor-id=\"479\" class=\"elementor elementor-479\" data-elementor-post-type=\"page\">\n\t\t\t\t<div class=\"elementor-element elementor-element-745e0c0 e-flex e-con-boxed e-con e-parent\" data-id=\"745e0c0\" data-element_type=\"container\" data-e-type=\"container\" data-settings=\"{&quot;background_background&quot;:&quot;classic&quot;}\">\n\t\t\t\t\t<div class=\"e-con-inner\">\n\t\t\t\t<div class=\"elementor-element elementor-element-6f25f06 elementor-widget__width-inherit elementor-widget elementor-widget-heading\" data-id=\"6f25f06\" data-element_type=\"widget\" data-e-type=\"widget\" data-widget_type=\"heading.default\">\n\t\t\t\t\t<div class=\"elementor-heading-title elementor-size-default\">Wiedza i Inspiracje\n\n<\/div>\t\t\t\t<\/div>\n\t\t\t\t<div class=\"elementor-element elementor-element-8fc852a elementor-invisible elementor-widget elementor-widget-heading\" data-id=\"8fc852a\" data-element_type=\"widget\" data-e-type=\"widget\" data-settings=\"{&quot;_animation&quot;:&quot;fadeInUp&quot;}\" data-widget_type=\"heading.default\">\n\t\t\t\t\t<h2 class=\"elementor-heading-title elementor-size-default\">Nasz <i>blog<\/i>\n<\/h2>\t\t\t\t<\/div>\n\t\t\t\t\t<\/div>\n\t\t\t\t<\/div>\n\t\t<div class=\"elementor-element elementor-element-837c94c e-flex e-con-boxed e-con e-parent\" data-id=\"837c94c\" data-element_type=\"container\" data-e-type=\"container\">\n\t\t\t\t\t<div class=\"e-con-inner\">\n\t\t\t\t<div class=\"elementor-element elementor-element-37f5b88 elementor-grid-3 elementor-grid-tablet-2 elementor-grid-mobile-1 elementor-widget elementor-widget-loop-grid\" data-id=\"37f5b88\" data-element_type=\"widget\" data-e-type=\"widget\" data-settings=\"{&quot;template_id&quot;:&quot;506&quot;,&quot;row_gap&quot;:{&quot;unit&quot;:&quot;px&quot;,&quot;size&quot;:40,&quot;sizes&quot;:[]},&quot;_skin&quot;:&quot;post&quot;,&quot;columns&quot;:&quot;3&quot;,&quot;columns_tablet&quot;:&quot;2&quot;,&quot;columns_mobile&quot;:&quot;1&quot;,&quot;edit_handle_selector&quot;:&quot;[data-elementor-type=\\&quot;loop-item\\&quot;]&quot;,&quot;row_gap_tablet&quot;:{&quot;unit&quot;:&quot;px&quot;,&quot;size&quot;:&quot;&quot;,&quot;sizes&quot;:[]},&quot;row_gap_mobile&quot;:{&quot;unit&quot;:&quot;px&quot;,&quot;size&quot;:&quot;&quot;,&quot;sizes&quot;:[]}}\" data-widget_type=\"loop-grid.post\">\n\t\t\t\t<div class=\"elementor-widget-container\">\n\t\t\t\t\t\t\t<div class=\"elementor-loop-container elementor-grid\" role=\"list\">\n\t\t<style id=\"loop-506\">.elementor-506 .elementor-element.elementor-element-227ff17{--display:flex;--gap:16px 16px;--row-gap:16px;--column-gap:16px;--margin-top:0px;--margin-bottom:0px;--margin-left:0px;--margin-right:0px;--padding-top:0px;--padding-bottom:0px;--padding-left:0px;--padding-right:0px;}.elementor-506 .elementor-element.elementor-element-f39234b{--display:flex;--overflow:hidden;--margin-top:0px;--margin-bottom:0px;--margin-left:0px;--margin-right:0px;--padding-top:0px;--padding-bottom:0px;--padding-left:0px;--padding-right:0px;}.elementor-widget-image .widget-image-caption{color:var( --e-global-color-text );font-family:var( --e-global-typography-text-font-family ), Sans-serif;font-weight:var( --e-global-typography-text-font-weight );}.elementor-506 .elementor-element.elementor-element-26a3075 img{width:1000px;height:280px;object-fit:cover;object-position:center center;}.elementor-506 .elementor-element.elementor-element-88b57a1{--display:flex;--flex-direction:row;--container-widget-width:calc( ( 1 - var( --container-widget-flex-grow ) ) * 100% );--container-widget-height:100%;--container-widget-flex-grow:1;--container-widget-align-self:stretch;--flex-wrap-mobile:wrap;--align-items:center;--gap:12px 12px;--row-gap:12px;--column-gap:12px;--flex-wrap:wrap;}.elementor-widget-heading .elementor-heading-title{font-family:var( --e-global-typography-primary-font-family ), Sans-serif;font-weight:var( --e-global-typography-primary-font-weight );color:var( --e-global-color-primary );}.elementor-506 .elementor-element.elementor-element-83a3c53 .elementor-heading-title{font-family:\"Inter\", Sans-serif;font-size:10px;font-weight:500;text-transform:uppercase;line-height:15px;letter-spacing:1px;color:#CA7288;}.elementor-506 .elementor-element.elementor-element-83a3c53{padding:4px 10px 4px 10px;background-color:#CA728830;box-shadow:0px 1px 3px 0px rgba(0, 0, 0, 0.10196078431372549);}.elementor-widget-icon-list .elementor-icon-list-item:not(:last-child):after{border-color:var( --e-global-color-text );}.elementor-widget-icon-list .elementor-icon-list-icon i{color:var( --e-global-color-primary );}.elementor-widget-icon-list .elementor-icon-list-icon svg{fill:var( --e-global-color-primary );}.elementor-widget-icon-list .elementor-icon-list-item > .elementor-icon-list-text, .elementor-widget-icon-list .elementor-icon-list-item > a{font-family:var( --e-global-typography-text-font-family ), Sans-serif;font-weight:var( --e-global-typography-text-font-weight );}.elementor-widget-icon-list .elementor-icon-list-text{color:var( --e-global-color-secondary );}.elementor-506 .elementor-element.elementor-element-93776ec .elementor-icon-list-icon i{transition:color 0.3s;}.elementor-506 .elementor-element.elementor-element-93776ec .elementor-icon-list-icon svg{transition:fill 0.3s;}.elementor-506 .elementor-element.elementor-element-93776ec{--e-icon-list-icon-size:12px;--icon-vertical-align:center;--icon-vertical-offset:0px;}.elementor-506 .elementor-element.elementor-element-93776ec .elementor-icon-list-item > .elementor-icon-list-text, .elementor-506 .elementor-element.elementor-element-93776ec .elementor-icon-list-item > a{font-family:\"Inter\", Sans-serif;font-size:10px;font-weight:400;line-height:15px;}.elementor-506 .elementor-element.elementor-element-93776ec .elementor-icon-list-text{color:var( --e-global-color-text );transition:color 0.3s;}.elementor-506 .elementor-element.elementor-element-c090805 .elementor-heading-title{font-family:\"Playfair Display\", Sans-serif;font-size:18px;font-weight:500;line-height:25px;color:var( --e-global-color-primary );}.elementor-506 .elementor-element.elementor-element-c090805{margin:0px 0px calc(var(--kit-widget-spacing, 0px) + 0px) 0px;}.elementor-widget-text-editor{font-family:var( --e-global-typography-text-font-family ), Sans-serif;font-weight:var( --e-global-typography-text-font-weight );color:var( --e-global-color-text );}.elementor-widget-text-editor.elementor-drop-cap-view-stacked .elementor-drop-cap{background-color:var( --e-global-color-primary );}.elementor-widget-text-editor.elementor-drop-cap-view-framed .elementor-drop-cap, .elementor-widget-text-editor.elementor-drop-cap-view-default .elementor-drop-cap{color:var( --e-global-color-primary );border-color:var( --e-global-color-primary );}.elementor-506 .elementor-element.elementor-element-f670395{font-family:\"Inter\", Sans-serif;font-size:14px;font-weight:400;line-height:23px;color:var( --e-global-color-text );margin:0px 0px calc(var(--kit-widget-spacing, 0px) + 0px) 0px;}.elementor-506 .elementor-element.elementor-element-f670395 p{margin-block-end:0px;}.elementor-widget-button .elementor-button{font-family:var( --e-global-typography-accent-font-family ), Sans-serif;font-weight:var( --e-global-typography-accent-font-weight );background-color:var( --e-global-color-accent );}.elementor-506 .elementor-element.elementor-element-27e508d .elementor-button-content-wrapper{flex-direction:row-reverse;}.elementor-506 .elementor-element.elementor-element-27e508d .elementor-button .elementor-button-content-wrapper{gap:10px;}.elementor-506 .elementor-element.elementor-element-27e508d .elementor-button{font-family:\"DM Sans\", Sans-serif;font-size:12px;font-weight:500;text-transform:uppercase;line-height:16px;letter-spacing:1.2px;fill:var( --e-global-color-093cb0e );color:var( --e-global-color-093cb0e );background-color:#61CE7000;border-radius:0px 0px 0px 0px;padding:0px 0px 0px 0px;}.elementor-506 .elementor-element.elementor-element-27e508d .elementor-button:hover, .elementor-506 .elementor-element.elementor-element-27e508d .elementor-button:focus{color:var( --e-global-color-primary );}.elementor-506 .elementor-element.elementor-element-27e508d .elementor-button:hover svg, .elementor-506 .elementor-element.elementor-element-27e508d .elementor-button:focus svg{fill:var( --e-global-color-primary );}.elementor-506 .elementor-element.elementor-element-27e508d{margin:6px 0px calc(var(--kit-widget-spacing, 0px) + 0px) 0px;}@media(max-width:767px){.elementor-506 .elementor-element.elementor-element-f670395{font-size:18px;line-height:1.2em;}.elementor-506 .elementor-element.elementor-element-27e508d{margin:16px 0px calc(var(--kit-widget-spacing, 0px) + 0px) 0px;}.elementor-506 .elementor-element.elementor-element-27e508d.elementor-element{--flex-grow:1;--flex-shrink:0;}}\/* Start custom CSS for container, class: .elementor-element-227ff17 *\/\/* Main Card Hover Effect *\/\r\n.elementor-506 .elementor-element.elementor-element-227ff17 .elementor-widget-container{\r\n    overflow: hidden;\r\n}\r\n\r\n\/* Image Zoom *\/\r\n.elementor-506 .elementor-element.elementor-element-227ff17:hover .elementor-widget-image img{\r\n    transform: scale(1.05);\r\n}\r\n\r\n.elementor-506 .elementor-element.elementor-element-227ff17 .elementor-widget-image img{\r\n    transition: 0.4s ease;\r\n}\r\n\r\n\/* H2 Title Color Change *\/\r\n.elementor-506 .elementor-element.elementor-element-227ff17:hover h2{\r\n    color: #ca7288\r\n !important;\r\n    transition: 0.4s ease;\r\n}\r\n\r\n\/* Button\/Text Color Change *\/\r\n.elementor-506 .elementor-element.elementor-element-227ff17:hover .elementor-button-text {\r\n    color: #17171c\r\n !important;\r\n    transition: 0.4s ease;\r\n}\/* End custom CSS *\/<\/style>\t\t<div data-elementor-type=\"loop-item\" data-elementor-id=\"506\" class=\"elementor elementor-506 e-loop-item e-loop-item-555 post-555 post type-post status-publish format-standard has-post-thumbnail hentry category-newsy\" data-elementor-post-type=\"elementor_library\" data-custom-edit-handle=\"1\">\n\t\t\t<div class=\"elementor-element elementor-element-227ff17 e-con-full e-flex e-con e-child\" data-id=\"227ff17\" data-element_type=\"container\" data-e-type=\"container\">\n\t\t<div class=\"elementor-element elementor-element-f39234b e-con-full e-flex e-con e-child\" data-id=\"f39234b\" data-element_type=\"container\" data-e-type=\"container\">\n\t\t\t\t<div class=\"elementor-element elementor-element-26a3075 elementor-widget elementor-widget-image\" data-id=\"26a3075\" data-element_type=\"widget\" data-e-type=\"widget\" data-widget_type=\"image.default\">\n\t\t\t\t\t\t\t\t\t\t\t\t\t\t\t\t<a href=\"https:\/\/alpha.devtech.services\/?p=555\">\n\t\t\t\t\t\t\t<img fetchpriority=\"high\" decoding=\"async\" width=\"800\" height=\"769\" src=\"https:\/\/alpha.devtech.services\/wp-content\/uploads\/2026\/05\/34003d_e098e6c9157148d3a99204bb7ab668a6mv2.avif\" class=\"attachment-large size-large wp-image-407\" alt=\"\" \/>\t\t\t\t\t\t\t\t<\/a>\n\t\t\t\t\t\t\t\t\t\t\t\t\t\t\t<\/div>\n\t\t\t\t<\/div>\n\t\t<div class=\"elementor-element elementor-element-88b57a1 e-con-full e-flex e-con e-child\" data-id=\"88b57a1\" data-element_type=\"container\" data-e-type=\"container\">\n\t\t\t\t<div class=\"elementor-element elementor-element-83a3c53 elementor-widget elementor-widget-heading\" data-id=\"83a3c53\" data-element_type=\"widget\" data-e-type=\"widget\" data-widget_type=\"heading.default\">\n\t\t\t\t\t<div class=\"elementor-heading-title elementor-size-default\"><a href=\"https:\/\/alpha.devtech.services\/?cat=7\" rel=\"tag\">NEWSY<\/a><\/div>\t\t\t\t<\/div>\n\t\t\t\t<div class=\"elementor-element elementor-element-93776ec elementor-icon-list--layout-traditional elementor-list-item-link-full_width elementor-widget elementor-widget-icon-list\" data-id=\"93776ec\" data-element_type=\"widget\" data-e-type=\"widget\" data-widget_type=\"icon-list.default\">\n\t\t\t\t\t\t\t<ul class=\"elementor-icon-list-items\">\n\t\t\t\t\t\t\t<li class=\"elementor-icon-list-item\">\n\t\t\t\t\t\t\t\t\t\t\t<span class=\"elementor-icon-list-icon\">\n\t\t\t\t\t\t\t<svg xmlns:xlink=\"http:\/\/www.w3.org\/1999\/xlink\" xmlns=\"http:\/\/www.w3.org\/2000\/svg\" width=\"24\" height=\"24\" viewBox=\"0 0 24 24\" fill=\"none\" stroke=\"currentColor\" stroke-width=\"2\" stroke-linecap=\"round\" stroke-linejoin=\"round\" class=\"lucide lucide-calendar w-3 h-3\"><path d=\"M8 2v4\" stroke=\"#6D6D78\" fill=\"none\" stroke-width=\"2px\"><\/path><path d=\"M16 2v4\" stroke=\"#6D6D78\" fill=\"none\" stroke-width=\"2px\"><\/path><rect width=\"18\" height=\"18\" x=\"3\" y=\"4\" rx=\"2\" stroke=\"#6D6D78\" fill=\"none\" stroke-width=\"2px\"><\/rect><path d=\"M3 10h18\" stroke=\"#6D6D78\" fill=\"none\" stroke-width=\"2px\"><\/path><\/svg>\t\t\t\t\t\t<\/span>\n\t\t\t\t\t\t\t\t\t\t<span class=\"elementor-icon-list-text\">11\/05\/2026<\/span>\n\t\t\t\t\t\t\t\t\t<\/li>\n\t\t\t\t\t\t<\/ul>\n\t\t\t\t\t\t<\/div>\n\t\t\t\t<div class=\"elementor-element elementor-element-c090805 elementor-widget elementor-widget-heading\" data-id=\"c090805\" data-element_type=\"widget\" data-e-type=\"widget\" data-widget_type=\"heading.default\">\n\t\t\t\t\t<h2 class=\"elementor-heading-title elementor-size-default\"><a href=\"https:\/\/alpha.devtech.services\/?p=555\">Dr. CYJ Hair Filler \u2013 Innowacyjna Peptydowa Terapia W\u0142os\u00f3w<\/a><\/h2>\t\t\t\t<\/div>\n\t\t\t\t<div class=\"elementor-element elementor-element-f670395 elementor-invisible elementor-widget elementor-widget-text-editor\" data-id=\"f670395\" data-element_type=\"widget\" data-e-type=\"widget\" data-settings=\"{&quot;_animation&quot;:&quot;fadeIn&quot;}\" data-widget_type=\"text-editor.default\">\n\t\t\t\t\t\t\t\t\t<p>Dr. CYJ Hair Filler to nowoczesny preparat stosowany w mezoterapii sk\u00f3ry g\u0142owy, opracowany przez firm\u0119 Caregen. Jego unikalna formu\u0142a \u0142\u0105czy siedem opatentowanych\t\t\t\t\t\t\t\t<\/div>\n\t\t\t\t<div class=\"elementor-element elementor-element-27e508d elementor-mobile-align-justify elementor-invisible elementor-widget elementor-widget-button\" data-id=\"27e508d\" data-element_type=\"widget\" data-e-type=\"widget\" data-settings=\"{&quot;_animation&quot;:&quot;fadeIn&quot;}\" data-widget_type=\"button.default\">\n\t\t\t\t\t\t\t\t\t\t<a class=\"elementor-button elementor-button-link elementor-size-sm\" href=\"https:\/\/alpha.devtech.services\/?p=555\">\n\t\t\t\t\t\t<span class=\"elementor-button-content-wrapper\">\n\t\t\t\t\t\t<span class=\"elementor-button-icon\">\n\t\t\t\t<svg aria-hidden=\"true\" class=\"e-font-icon-svg e-fas-long-arrow-alt-right\" viewBox=\"0 0 448 512\" xmlns=\"http:\/\/www.w3.org\/2000\/svg\"><path d=\"M313.941 216H12c-6.627 0-12 5.373-12 12v56c0 6.627 5.373 12 12 12h301.941v46.059c0 21.382 25.851 32.09 40.971 16.971l86.059-86.059c9.373-9.373 9.373-24.569 0-33.941l-86.059-86.059c-15.119-15.119-40.971-4.411-40.971 16.971V216z\"><\/path><\/svg>\t\t\t<\/span>\n\t\t\t\t\t\t\t\t\t<span class=\"elementor-button-text\">Czytaj wi\u0119cej<\/span>\n\t\t\t\t\t<\/span>\n\t\t\t\t\t<\/a>\n\t\t\t\t\t\t\t\t<\/div>\n\t\t\t\t<\/div>\n\t\t\t\t<\/div>\n\t\t\t\t<\/div>\n\t\t\t\t<div data-elementor-type=\"loop-item\" data-elementor-id=\"506\" class=\"elementor elementor-506 e-loop-item e-loop-item-4 post-4 post type-post status-publish format-standard hentry\" data-elementor-post-type=\"elementor_library\" data-custom-edit-handle=\"1\">\n\t\t\t<div class=\"elementor-element elementor-element-227ff17 e-con-full e-flex e-con e-child\" data-id=\"227ff17\" data-element_type=\"container\" data-e-type=\"container\">\n\t\t<div class=\"elementor-element elementor-element-f39234b e-con-full e-flex e-con e-child\" data-id=\"f39234b\" data-element_type=\"container\" data-e-type=\"container\">\n\t\t\t\t<\/div>\n\t\t<div class=\"elementor-element elementor-element-88b57a1 e-con-full e-flex e-con e-child\" data-id=\"88b57a1\" data-element_type=\"container\" data-e-type=\"container\">\n\t\t\t\t<div class=\"elementor-element elementor-element-93776ec elementor-icon-list--layout-traditional elementor-list-item-link-full_width elementor-widget elementor-widget-icon-list\" data-id=\"93776ec\" data-element_type=\"widget\" data-e-type=\"widget\" data-widget_type=\"icon-list.default\">\n\t\t\t\t\t\t\t<ul class=\"elementor-icon-list-items\">\n\t\t\t\t\t\t\t<li class=\"elementor-icon-list-item\">\n\t\t\t\t\t\t\t\t\t\t\t<span class=\"elementor-icon-list-icon\">\n\t\t\t\t\t\t\t<svg xmlns:xlink=\"http:\/\/www.w3.org\/1999\/xlink\" xmlns=\"http:\/\/www.w3.org\/2000\/svg\" width=\"24\" height=\"24\" viewBox=\"0 0 24 24\" fill=\"none\" stroke=\"currentColor\" stroke-width=\"2\" stroke-linecap=\"round\" stroke-linejoin=\"round\" class=\"lucide lucide-calendar w-3 h-3\"><path d=\"M8 2v4\" stroke=\"#6D6D78\" fill=\"none\" stroke-width=\"2px\"><\/path><path d=\"M16 2v4\" stroke=\"#6D6D78\" fill=\"none\" stroke-width=\"2px\"><\/path><rect width=\"18\" height=\"18\" x=\"3\" y=\"4\" rx=\"2\" stroke=\"#6D6D78\" fill=\"none\" stroke-width=\"2px\"><\/rect><path d=\"M3 10h18\" stroke=\"#6D6D78\" fill=\"none\" stroke-width=\"2px\"><\/path><\/svg>\t\t\t\t\t\t<\/span>\n\t\t\t\t\t\t\t\t\t\t<span class=\"elementor-icon-list-text\">16\/04\/2026<\/span>\n\t\t\t\t\t\t\t\t\t<\/li>\n\t\t\t\t\t\t<\/ul>\n\t\t\t\t\t\t<\/div>\n\t\t\t\t<div class=\"elementor-element elementor-element-c090805 elementor-widget elementor-widget-heading\" data-id=\"c090805\" data-element_type=\"widget\" data-e-type=\"widget\" data-widget_type=\"heading.default\">\n\t\t\t\t\t<h2 class=\"elementor-heading-title elementor-size-default\"><a href=\"https:\/\/alpha.devtech.services\/?p=4\">Hello world!<\/a><\/h2>\t\t\t\t<\/div>\n\t\t\t\t<div class=\"elementor-element elementor-element-f670395 elementor-invisible elementor-widget elementor-widget-text-editor\" data-id=\"f670395\" data-element_type=\"widget\" data-e-type=\"widget\" data-settings=\"{&quot;_animation&quot;:&quot;fadeIn&quot;}\" data-widget_type=\"text-editor.default\">\n\t\t\t\t\t\t\t\t\t<p>Welcome to WordPress. This is your first post. Edit or delete it, then start writing!<\/p>\t\t\t\t\t\t\t\t<\/div>\n\t\t\t\t<div class=\"elementor-element elementor-element-27e508d elementor-mobile-align-justify elementor-invisible elementor-widget elementor-widget-button\" data-id=\"27e508d\" data-element_type=\"widget\" data-e-type=\"widget\" data-settings=\"{&quot;_animation&quot;:&quot;fadeIn&quot;}\" data-widget_type=\"button.default\">\n\t\t\t\t\t\t\t\t\t\t<a class=\"elementor-button elementor-button-link elementor-size-sm\" href=\"https:\/\/alpha.devtech.services\/?p=4\">\n\t\t\t\t\t\t<span class=\"elementor-button-content-wrapper\">\n\t\t\t\t\t\t<span class=\"elementor-button-icon\">\n\t\t\t\t<svg aria-hidden=\"true\" class=\"e-font-icon-svg e-fas-long-arrow-alt-right\" viewBox=\"0 0 448 512\" xmlns=\"http:\/\/www.w3.org\/2000\/svg\"><path d=\"M313.941 216H12c-6.627 0-12 5.373-12 12v56c0 6.627 5.373 12 12 12h301.941v46.059c0 21.382 25.851 32.09 40.971 16.971l86.059-86.059c9.373-9.373 9.373-24.569 0-33.941l-86.059-86.059c-15.119-15.119-40.971-4.411-40.971 16.971V216z\"><\/path><\/svg>\t\t\t<\/span>\n\t\t\t\t\t\t\t\t\t<span class=\"elementor-button-text\">Czytaj wi\u0119cej<\/span>\n\t\t\t\t\t<\/span>\n\t\t\t\t\t<\/a>\n\t\t\t\t\t\t\t\t<\/div>\n\t\t\t\t<\/div>\n\t\t\t\t<\/div>\n\t\t\t\t<\/div>\n\t\t\t\t<div data-elementor-type=\"loop-item\" data-elementor-id=\"506\" class=\"elementor elementor-506 e-loop-item e-loop-item-1 post-1 post type-post status-publish format-standard hentry category-uncategorized\" data-elementor-post-type=\"elementor_library\" data-custom-edit-handle=\"1\">\n\t\t\t<div class=\"elementor-element elementor-element-227ff17 e-con-full e-flex e-con e-child\" data-id=\"227ff17\" data-element_type=\"container\" data-e-type=\"container\">\n\t\t<div class=\"elementor-element elementor-element-f39234b e-con-full e-flex e-con e-child\" data-id=\"f39234b\" data-element_type=\"container\" data-e-type=\"container\">\n\t\t\t\t<\/div>\n\t\t<div class=\"elementor-element elementor-element-88b57a1 e-con-full e-flex e-con e-child\" data-id=\"88b57a1\" data-element_type=\"container\" data-e-type=\"container\">\n\t\t\t\t<div class=\"elementor-element elementor-element-83a3c53 elementor-widget elementor-widget-heading\" data-id=\"83a3c53\" data-element_type=\"widget\" data-e-type=\"widget\" data-widget_type=\"heading.default\">\n\t\t\t\t\t<div class=\"elementor-heading-title elementor-size-default\"><a href=\"https:\/\/alpha.devtech.services\/?cat=1\" rel=\"tag\">Uncategorized<\/a><\/div>\t\t\t\t<\/div>\n\t\t\t\t<div class=\"elementor-element elementor-element-93776ec elementor-icon-list--layout-traditional elementor-list-item-link-full_width elementor-widget elementor-widget-icon-list\" data-id=\"93776ec\" data-element_type=\"widget\" data-e-type=\"widget\" data-widget_type=\"icon-list.default\">\n\t\t\t\t\t\t\t<ul class=\"elementor-icon-list-items\">\n\t\t\t\t\t\t\t<li class=\"elementor-icon-list-item\">\n\t\t\t\t\t\t\t\t\t\t\t<span class=\"elementor-icon-list-icon\">\n\t\t\t\t\t\t\t<svg xmlns:xlink=\"http:\/\/www.w3.org\/1999\/xlink\" xmlns=\"http:\/\/www.w3.org\/2000\/svg\" width=\"24\" height=\"24\" viewBox=\"0 0 24 24\" fill=\"none\" stroke=\"currentColor\" stroke-width=\"2\" stroke-linecap=\"round\" stroke-linejoin=\"round\" class=\"lucide lucide-calendar w-3 h-3\"><path d=\"M8 2v4\" stroke=\"#6D6D78\" fill=\"none\" stroke-width=\"2px\"><\/path><path d=\"M16 2v4\" stroke=\"#6D6D78\" fill=\"none\" stroke-width=\"2px\"><\/path><rect width=\"18\" height=\"18\" x=\"3\" y=\"4\" rx=\"2\" stroke=\"#6D6D78\" fill=\"none\" stroke-width=\"2px\"><\/rect><path d=\"M3 10h18\" stroke=\"#6D6D78\" fill=\"none\" stroke-width=\"2px\"><\/path><\/svg>\t\t\t\t\t\t<\/span>\n\t\t\t\t\t\t\t\t\t\t<span class=\"elementor-icon-list-text\">16\/04\/2026<\/span>\n\t\t\t\t\t\t\t\t\t<\/li>\n\t\t\t\t\t\t<\/ul>\n\t\t\t\t\t\t<\/div>\n\t\t\t\t<div class=\"elementor-element elementor-element-c090805 elementor-widget elementor-widget-heading\" data-id=\"c090805\" data-element_type=\"widget\" data-e-type=\"widget\" data-widget_type=\"heading.default\">\n\t\t\t\t\t<h2 class=\"elementor-heading-title elementor-size-default\"><a href=\"https:\/\/alpha.devtech.services\/?p=1\">Hello world!<\/a><\/h2>\t\t\t\t<\/div>\n\t\t\t\t<div class=\"elementor-element elementor-element-f670395 elementor-invisible elementor-widget elementor-widget-text-editor\" data-id=\"f670395\" data-element_type=\"widget\" data-e-type=\"widget\" data-settings=\"{&quot;_animation&quot;:&quot;fadeIn&quot;}\" data-widget_type=\"text-editor.default\">\n\t\t\t\t\t\t\t\t\t<p>Welcome to WordPress. This is your first post. Edit or delete it, then start writing!<\/p>\t\t\t\t\t\t\t\t<\/div>\n\t\t\t\t<div class=\"elementor-element elementor-element-27e508d elementor-mobile-align-justify elementor-invisible elementor-widget elementor-widget-button\" data-id=\"27e508d\" data-element_type=\"widget\" data-e-type=\"widget\" data-settings=\"{&quot;_animation&quot;:&quot;fadeIn&quot;}\" data-widget_type=\"button.default\">\n\t\t\t\t\t\t\t\t\t\t<a class=\"elementor-button elementor-button-link elementor-size-sm\" href=\"https:\/\/alpha.devtech.services\/?p=1\">\n\t\t\t\t\t\t<span class=\"elementor-button-content-wrapper\">\n\t\t\t\t\t\t<span class=\"elementor-button-icon\">\n\t\t\t\t<svg aria-hidden=\"true\" class=\"e-font-icon-svg e-fas-long-arrow-alt-right\" viewBox=\"0 0 448 512\" xmlns=\"http:\/\/www.w3.org\/2000\/svg\"><path d=\"M313.941 216H12c-6.627 0-12 5.373-12 12v56c0 6.627 5.373 12 12 12h301.941v46.059c0 21.382 25.851 32.09 40.971 16.971l86.059-86.059c9.373-9.373 9.373-24.569 0-33.941l-86.059-86.059c-15.119-15.119-40.971-4.411-40.971 16.971V216z\"><\/path><\/svg>\t\t\t<\/span>\n\t\t\t\t\t\t\t\t\t<span class=\"elementor-button-text\">Czytaj wi\u0119cej<\/span>\n\t\t\t\t\t<\/span>\n\t\t\t\t\t<\/a>\n\t\t\t\t\t\t\t\t<\/div>\n\t\t\t\t<\/div>\n\t\t\t\t<\/div>\n\t\t\t\t<\/div>\n\t\t\t\t<\/div>\n\t\t\n\t\t\t\t\t\t<\/div>\n\t\t\t\t<\/div>\n\t\t\t\t\t<\/div>\n\t\t\t\t<\/div>\n\t\t\t\t<\/div>\n\t\t","protected":false},"excerpt":{"rendered":"<p>Wiedza i Inspiracje Nasz blog<\/p>\n","protected":false},"author":1,"featured_media":0,"parent":0,"menu_order":0,"comment_status":"closed","ping_status":"closed","template":"","meta":{"footnotes":""},"class_list":["post-479","page","type-page","status-publish","hentry"],"_links":{"self":[{"href":"https:\/\/alpha.devtech.services\/index.php?rest_route=\/wp\/v2\/pages\/479","targetHints":{"allow":["GET"]}}],"collection":[{"href":"https:\/\/alpha.devtech.services\/index.php?rest_route=\/wp\/v2\/pages"}],"about":[{"href":"https:\/\/alpha.devtech.services\/index.php?rest_route=\/wp\/v2\/types\/page"}],"author":[{"embeddable":true,"href":"https:\/\/alpha.devtech.services\/index.php?rest_route=\/wp\/v2\/users\/1"}],"replies":[{"embeddable":true,"href":"https:\/\/alpha.devtech.services\/index.php?rest_route=%2Fwp%2Fv2%2Fcomments&post=479"}],"version-history":[{"count":19,"href":"https:\/\/alpha.devtech.services\/index.php?rest_route=\/wp\/v2\/pages\/479\/revisions"}],"predecessor-version":[{"id":519,"href":"https:\/\/alpha.devtech.services\/index.php?rest_route=\/wp\/v2\/pages\/479\/revisions\/519"}],"wp:attachment":[{"href":"https:\/\/alpha.devtech.services\/index.php?rest_route=%2Fwp%2Fv2%2Fmedia&parent=479"}],"curies":[{"name":"wp","href":"https:\/\/api.w.org\/{rel}","templated":true}]}}